{"id":1112,"date":"2023-02-07T18:41:36","date_gmt":"2023-02-07T17:41:36","guid":{"rendered":"https:\/\/sphynx-lilith.com\/?page_id=1112"},"modified":"2025-02-27T23:20:27","modified_gmt":"2025-02-27T22:20:27","slug":"nos-reproducteurs","status":"publish","type":"page","link":"https:\/\/sphynx-lilith.com\/index.php\/nos-reproducteurs\/","title":{"rendered":"Nos reproducteurs"},"content":{"rendered":"<style>\/*! elementor - v3.10.2 - 29-01-2023 *\/<br \/>\nbody.elementor-page .elementor-widget-menu-anchor{margin-bottom:0}<\/style>\n<style>\/*! elementor - v3.10.2 - 29-01-2023 *\/<br \/>\n.elementor-heading-title{padding:0;margin:0;line-height:1}.elementor-widget-heading .elementor-heading-title[class*=elementor-size-]>a{color:inherit;font-size:inherit;line-height:inherit}.elementor-widget-heading .elementor-heading-title.elementor-size-small{font-size:15px}.elementor-widget-heading .elementor-heading-title.elementor-size-medium{font-size:19px}.elementor-widget-heading .elementor-heading-title.elementor-size-large{font-size:29px}.elementor-widget-heading .elementor-heading-title.elementor-size-xl{font-size:39px}.elementor-widget-heading .elementor-heading-title.elementor-size-xxl{font-size:59px}<\/style>\n<h1 style=\"text-align: center;\"><strong><em>Nos m\u00e2les<\/em><\/strong><\/h1>\n<p style=\"text-align: center;\"><em style=\"color: #8c8c8c; font-family: Oswald; font-size: 23px; font-weight: 600;\"><img fetchpriority=\"high\" decoding=\"async\" class=\"alignnone size-medium wp-image-1747\" src=\"https:\/\/sphynx-lilith.com\/wp-content\/uploads\/2024\/08\/IMG_20240803_115957-300x200.jpg\" alt=\"\" width=\"300\" height=\"200\" srcset=\"https:\/\/sphynx-lilith.com\/wp-content\/uploads\/2024\/08\/IMG_20240803_115957-300x200.jpg 300w, https:\/\/sphynx-lilith.com\/wp-content\/uploads\/2024\/08\/IMG_20240803_115957.jpg 720w\" sizes=\"(max-width: 300px) 100vw, 300px\" \/>Verbena *by Beastie Boys<\/em><\/p>\n<h2>Noir<\/h2>\n<p>N\u00e9 le 26 novembre 2021<\/p>\n<p>CMH n\u00e9gative octobre 2022\/novembre 2023\/octobre 2024<\/p>\n<p><!--more--><\/p>\n<h1 style=\"text-align: center;\"><em><strong>Nos filles<\/strong><\/em><\/h1>\n<h1><\/h1>\n<p><img decoding=\"async\" class=\"alignnone size-medium wp-image-1743 aligncenter\" src=\"https:\/\/sphynx-lilith.com\/wp-content\/uploads\/2024\/08\/IMG_20240803_115941-300x201.jpg\" alt=\"\" width=\"300\" height=\"201\" srcset=\"https:\/\/sphynx-lilith.com\/wp-content\/uploads\/2024\/08\/IMG_20240803_115941-300x201.jpg 300w, https:\/\/sphynx-lilith.com\/wp-content\/uploads\/2024\/08\/IMG_20240803_115941.jpg 720w\" sizes=\"(max-width: 300px) 100vw, 300px\" \/><\/p>\n<h1 style=\"text-align: center;\"><em>*Circ\u00e9* Shelby de la lb family\u00a0<\/em><\/h1>\n<h2>Blanche<\/h2>\n<p>N\u00e9e le 23 f\u00e9vrier 2021<\/p>\n<p>CMH n\u00e9gative 2022\/2023\/2024<\/p>\n<p><img decoding=\"async\" class=\"alignnone size-medium wp-image-1746 aligncenter\" src=\"https:\/\/sphynx-lilith.com\/wp-content\/uploads\/2024\/08\/IMG_20240803_115843-1-300x203.jpg\" alt=\"\" width=\"300\" height=\"203\" srcset=\"https:\/\/sphynx-lilith.com\/wp-content\/uploads\/2024\/08\/IMG_20240803_115843-1-300x203.jpg 300w, https:\/\/sphynx-lilith.com\/wp-content\/uploads\/2024\/08\/IMG_20240803_115843-1.jpg 720w\" sizes=\"(max-width: 300px) 100vw, 300px\" \/><\/p>\n<h1 style=\"text-align: center;\"><em>Apriorinaked Carolina Reaper<\/em><\/h1>\n<h2>Noire<\/h2>\n<p>N\u00e9e le 10 ao\u00fbt 2022<\/p>\n<p>CMH n\u00e9gative ao\u00fbt 2023\/juin 2024<\/p>\n","protected":false},"excerpt":{"rendered":"<p>Nos m\u00e2les Verbena *by Beastie Boys Noir N\u00e9 le 26 novembre 2021 CMH n\u00e9gative octobre 2022\/novembre 2023\/octobre 2024<\/p>\n","protected":false},"author":2,"featured_media":0,"parent":0,"menu_order":0,"comment_status":"closed","ping_status":"closed","template":"","meta":{"ocean_post_layout":"full-width","ocean_both_sidebars_style":"","ocean_both_sidebars_content_width":0,"ocean_both_sidebars_sidebars_width":0,"ocean_sidebar":"sidebar","ocean_second_sidebar":"0","ocean_disable_margins":"enable","ocean_add_body_class":"","ocean_shortcode_before_top_bar":"","ocean_shortcode_after_top_bar":"","ocean_shortcode_before_header":"","ocean_shortcode_after_header":"","ocean_has_shortcode":"","ocean_shortcode_after_title":"","ocean_shortcode_before_footer_widgets":"","ocean_shortcode_after_footer_widgets":"","ocean_shortcode_before_footer_bottom":"","ocean_shortcode_after_footer_bottom":"","ocean_display_top_bar":"default","ocean_display_header":"default","ocean_header_style":"","ocean_center_header_left_menu":"0","ocean_custom_header_template":"0","ocean_custom_logo":0,"ocean_custom_retina_logo":0,"ocean_custom_logo_max_width":0,"ocean_custom_logo_tablet_max_width":0,"ocean_custom_logo_mobile_max_width":0,"ocean_custom_logo_max_height":0,"ocean_custom_logo_tablet_max_height":0,"ocean_custom_logo_mobile_max_height":0,"ocean_header_custom_menu":"0","ocean_menu_typo_font_family":"0","ocean_menu_typo_font_subset":"","ocean_menu_typo_font_size":0,"ocean_menu_typo_font_size_tablet":0,"ocean_menu_typo_font_size_mobile":0,"ocean_menu_typo_font_size_unit":"px","ocean_menu_typo_font_weight":"","ocean_menu_typo_font_weight_tablet":"","ocean_menu_typo_font_weight_mobile":"","ocean_menu_typo_transform":"","ocean_menu_typo_transform_tablet":"","ocean_menu_typo_transform_mobile":"","ocean_menu_typo_line_height":0,"ocean_menu_typo_line_height_tablet":0,"ocean_menu_typo_line_height_mobile":0,"ocean_menu_typo_line_height_unit":"","ocean_menu_typo_spacing":0,"ocean_menu_typo_spacing_tablet":0,"ocean_menu_typo_spacing_mobile":0,"ocean_menu_typo_spacing_unit":"","ocean_menu_link_color":"","ocean_menu_link_color_hover":"","ocean_menu_link_color_active":"","ocean_menu_link_background":"","ocean_menu_link_hover_background":"","ocean_menu_link_active_background":"","ocean_menu_social_links_bg":"","ocean_menu_social_hover_links_bg":"","ocean_menu_social_links_color":"","ocean_menu_social_hover_links_color":"","ocean_disable_title":"default","ocean_disable_heading":"default","ocean_post_title":"","ocean_post_subheading":"","ocean_post_title_style":"","ocean_post_title_background_color":"","ocean_post_title_background":0,"ocean_post_title_bg_image_position":"","ocean_post_title_bg_image_attachment":"","ocean_post_title_bg_image_repeat":"","ocean_post_title_bg_image_size":"","ocean_post_title_height":0,"ocean_post_title_bg_overlay":0.5,"ocean_post_title_bg_overlay_color":"","ocean_disable_breadcrumbs":"default","ocean_breadcrumbs_color":"","ocean_breadcrumbs_separator_color":"","ocean_breadcrumbs_links_color":"","ocean_breadcrumbs_links_hover_color":"","ocean_display_footer_widgets":"default","ocean_display_footer_bottom":"default","ocean_custom_footer_template":"0","footnotes":""},"_links":{"self":[{"href":"https:\/\/sphynx-lilith.com\/index.php\/wp-json\/wp\/v2\/pages\/1112"}],"collection":[{"href":"https:\/\/sphynx-lilith.com\/index.php\/wp-json\/wp\/v2\/pages"}],"about":[{"href":"https:\/\/sphynx-lilith.com\/index.php\/wp-json\/wp\/v2\/types\/page"}],"author":[{"embeddable":true,"href":"https:\/\/sphynx-lilith.com\/index.php\/wp-json\/wp\/v2\/users\/2"}],"replies":[{"embeddable":true,"href":"https:\/\/sphynx-lilith.com\/index.php\/wp-json\/wp\/v2\/comments?post=1112"}],"version-history":[{"count":46,"href":"https:\/\/sphynx-lilith.com\/index.php\/wp-json\/wp\/v2\/pages\/1112\/revisions"}],"predecessor-version":[{"id":1824,"href":"https:\/\/sphynx-lilith.com\/index.php\/wp-json\/wp\/v2\/pages\/1112\/revisions\/1824"}],"wp:attachment":[{"href":"https:\/\/sphynx-lilith.com\/index.php\/wp-json\/wp\/v2\/media?parent=1112"}],"curies":[{"name":"wp","href":"https:\/\/api.w.org\/{rel}","templated":true}]}}